{"id":207,"date":"2020-05-11T23:54:39","date_gmt":"2020-05-11T23:54:39","guid":{"rendered":"https:\/\/oltrepoacasatua.it\/?page_id=207"},"modified":"2020-07-21T08:51:40","modified_gmt":"2020-07-21T08:51:40","slug":"pinot-nero-base-spumante","status":"publish","type":"page","link":"https:\/\/oltrepoacasatua.it\/index.php\/pinot-nero-base-spumante\/","title":{"rendered":"Pinot Nero la base per gli eleganti Spumanti dell&#8217;Oltrep\u00f2 Pavese"},"content":{"rendered":"<div id=\"fb-root\"><\/div>\n<p>[vc_row][vc_column][vc_custom_heading text=&#8221;Il Pinot Nero, base per Spumanti Metodo Classico e Metodo Martinotti&#8221; font_container=&#8221;tag:h2|text_align:center&#8221; use_theme_fonts=&#8221;yes&#8221;][vc_column_text]<\/p>\n<p style=\"text-align: justify;\"><img decoding=\"async\" loading=\"lazy\" class=\"size-medium wp-image-218 alignleft\" src=\"https:\/\/oltrepoacasatua.it\/wp-content\/uploads\/2020\/05\/pinot-nero-oltrepo-pavese-289x300.jpg\" alt=\"pinot nero oltrepo pavese\" width=\"289\" height=\"300\" srcset=\"https:\/\/oltrepoacasatua.it\/wp-content\/uploads\/2020\/05\/pinot-nero-oltrepo-pavese-289x300.jpg 289w, https:\/\/oltrepoacasatua.it\/wp-content\/uploads\/2020\/05\/pinot-nero-oltrepo-pavese.jpg 343w\" sizes=\"(max-width: 289px) 100vw, 289px\" \/>Il <strong>Pinot Nero<\/strong> pu\u00f2 essere considerato a tutti gli effetti il <strong>Re dei vitigni<\/strong>. Di origine francese, produce un&#8217;uva \u201ccomplessa\u201d che matura precocemente e molto sensibile al terroir ed in climi caldi giunge a maturazione troppo velocemente e non sviluppa appieno gli aromi varietali che le sue bucce possono sprigionare.<\/p>\n<p style=\"text-align: justify;\">L&#8217;<strong>Oltrep\u00f2 Pavese<\/strong> per la conformazione del terroir argillo marnoso e la sua posizione sul 45\u00b0 parallelo \u00e8 una delle localizzazioni mondiali ideali per il Pinot Nero, non a caso il 45\u00b0 parallelo \u00e8 definito anche il \u201cparallelo del vino\u201d poich\u00e9 attraversa, oltre all&#8217;Oltrep\u00f2 Pavese, Bordeaux, la Georgia, la Napa Valley. Tra tutti i vitigni a bacca rossa \u00e8 considerato il pi\u00f9 nobile ed elegante (l\u2019unico confronto possibile \u00e8 quello con il Nebbiolo), allo stesso tempo \u00e8 il pi\u00f9 difficile da interpretare, dalla vigna alla bottiglia ed anche quello che pone l\u2019enologo e il consumatore di fronte alla degustazione forse pi\u00f9 complessa.<\/p>\n<p style=\"text-align: justify;\">L&#8217;Oltrep\u00f2 Pavese, oltre ad essere la terza zona a livello mondiale per la produzione di Pinot Nero, a livello nazionale vanta il primato con 3.000 ha in produzione, da cui si ottiene la base per <strong>Spumanti Metodo Classico<\/strong> e <strong>Metodo Martinotti<\/strong> ma anche straordinari vini rossi. Parlando di spumanti furono proprio i <strong>Conti Giorgi di Vistarino<\/strong>, assieme ai Conti Gancia, a mettere a dimora sulle colline dell&#8217;Oltrep\u00f2 Pavese il Pinot Nero a met\u00e0 &#8216;800, primi in Italia a credere in questo vitigno francese e successivamente vinificandolo come lo Champagne, cio\u00e8 con la <strong>rifermentazione in bottiglia<\/strong>, che trasforma il vino fermo in uno spumante. Bench\u00e8 il Pinot sia appunto Nero, si ottengono vini bianchi con pressature soffici \u2013 estraendo quello che viene definito il mosto fiore. All&#8217;inizio del &#8216;900 l&#8217;Ing. <strong>Federico Martinotti<\/strong> ide\u00f2 un metodo di spumantizzazione con costi pi\u00f9 contenuti e tempi di produzione pi\u00f9 brevi con la rifermentazione in autoclave, appunto il Metodo Martinotti.<\/p>\n<p style=\"text-align: justify;\">Oggi in Oltrep\u00f2 Pavese si producono <strong>Spumanti Metodo Classico<\/strong> base Pinot Nero, che possono vantare la <strong>Denominazione di Orgine Controllata e Garantita \u2013 D.O.C.G.<\/strong> &#8211; la pi\u00f9 importante Denominazione che viene riconosciuta ad vino italiano, nella versione \u201cbianco\u201d ma anche ros\u00e8, tant&#8217;\u00e8 che il <a href=\"https:\/\/www.consorziovinioltrepo.it\" target=\"_blank\" rel=\"noopener noreferrer nofollow\"><strong>Consorzio Tutela Vini Oltrep\u00f2 Pavese<\/strong><\/a> \u00e8 titolare del marchio <strong>Cruas\u00e8<\/strong> che contraddistingue lo Spumante Metodo Classico Ros\u00e8 D.O.C.G., vinificato in rosa da uve 100% Pinot Nero. Spumanti che raggiungono anche i 60 mesi e oltre di rifermentazione in bottiglia, con un perlage finissimo ed una straordinaria freschezza e carattere propri del Pinot Nero. Molto diffuso anche il Metodo Martinotti che produce ottimi spumanti, non certo complessi come il Metodo Classico.<\/p>\n<p>[\/vc_column_text][vc_custom_heading text=&#8221;Oltrepoacasatua consiglia&#8230;&#8221; font_container=&#8221;tag:h2|text_align:center&#8221; use_theme_fonts=&#8221;yes&#8221;][vc_row_inner][vc_column_inner width=&#8221;1\/4&#8243;][vc_column_text]<\/p>\n<p style=\"text-align: center;\"><a href=\"https:\/\/finigeto.oltrepoacasatua.it\/index.php\/prodotto\/spumante-pinot-nero-metodo-classico\/\" target=\"_blank\" rel=\"noopener noreferrer\"><img decoding=\"async\" loading=\"lazy\" class=\"alignnone size-full wp-image-213 aligncenter\" src=\"https:\/\/oltrepoacasatua.it\/wp-content\/uploads\/2020\/05\/Spumante-Metodo-Classico-Cantina-Finigeto.jpg\" alt=\"\" width=\"270\" height=\"270\" srcset=\"https:\/\/oltrepoacasatua.it\/wp-content\/uploads\/2020\/05\/Spumante-Metodo-Classico-Cantina-Finigeto.jpg 270w, https:\/\/oltrepoacasatua.it\/wp-content\/uploads\/2020\/05\/Spumante-Metodo-Classico-Cantina-Finigeto-150x150.jpg 150w\" sizes=\"(max-width: 270px) 100vw, 270px\" \/><\/a><br \/>\n2005 Oltrep\u00f2 Pavese Metodo Classico &#8211; Cantina Finigeto<br \/>\n<a href=\"https:\/\/finigeto.oltrepoacasatua.it\/index.php\/negozio\/\" target=\"_blank\" rel=\"noopener noreferrer\"><img decoding=\"async\" loading=\"lazy\" class=\"aligncenter wp-image-214\" src=\"https:\/\/oltrepoacasatua.it\/wp-content\/uploads\/2020\/05\/shop_online.jpg\" alt=\"\" width=\"100\" height=\"28\" \/><\/a>[\/vc_column_text][\/vc_column_inner][vc_column_inner width=&#8221;1\/4&#8243;][vc_column_text]<\/p>\n<p style=\"text-align: center;\"><a href=\"https:\/\/picchivini.oltrepoacasatua.it\/index.php\/prodotto\/pinot-nero-extra-brut-metodo-classico\/\" target=\"_blank\" rel=\"noopener noreferrer\"><img decoding=\"async\" loading=\"lazy\" class=\"alignnone size-full wp-image-336\" src=\"https:\/\/oltrepoacasatua.it\/wp-content\/uploads\/2020\/07\/spumante.jpg\" alt=\"Pinot Nero Spumante Metodo Classico Picchi Vini\" width=\"270\" height=\"270\" srcset=\"https:\/\/oltrepoacasatua.it\/wp-content\/uploads\/2020\/07\/spumante.jpg 270w, https:\/\/oltrepoacasatua.it\/wp-content\/uploads\/2020\/07\/spumante-150x150.jpg 150w\" sizes=\"(max-width: 270px) 100vw, 270px\" \/><\/a><\/p>\n<p class=\"product_title entry-title\" style=\"text-align: center;\">Pinot Nero Extra Brut Metodo Classico &#8211; Cantina Picchi Vini<br \/>\n<a href=\"https:\/\/picchivini.oltrepoacasatua.it\/index.php\/prodotto\/pinot-nero-extra-brut-metodo-classico\/\" target=\"_blank\" rel=\"noopener noreferrer\"><img decoding=\"async\" loading=\"lazy\" class=\"aligncenter wp-image-214\" src=\"https:\/\/oltrepoacasatua.it\/wp-content\/uploads\/2020\/05\/shop_online.jpg\" alt=\"\" width=\"100\" height=\"28\" \/><\/a><\/p>\n<p>[\/vc_column_text][\/vc_column_inner][vc_column_inner width=&#8221;1\/4&#8243;][vc_column_text]<\/p>\n<p style=\"text-align: center;\"><a href=\"https:\/\/lacostaiola.oltrepoacasatua.it\/index.php\/prodotto\/nove-brut-metodo-classico-brut\/\" target=\"_blank\" rel=\"noopener noreferrer\"><img decoding=\"async\" loading=\"lazy\" class=\"size-full wp-image-220 aligncenter\" src=\"https:\/\/oltrepoacasatua.it\/wp-content\/uploads\/2020\/05\/Nov\u00e8-Metodo-Classico-Cantina-La-Costaiola.jpg\" alt=\"Nov\u00e8 Metodo Classico Cantina La Costaiola\" width=\"270\" height=\"270\" srcset=\"https:\/\/oltrepoacasatua.it\/wp-content\/uploads\/2020\/05\/Nov\u00e8-Metodo-Classico-Cantina-La-Costaiola.jpg 270w, https:\/\/oltrepoacasatua.it\/wp-content\/uploads\/2020\/05\/Nov\u00e8-Metodo-Classico-Cantina-La-Costaiola-150x150.jpg 150w\" sizes=\"(max-width: 270px) 100vw, 270px\" \/><\/a><\/p>\n<p style=\"text-align: center;\">Nov\u00e8 Brut Metodo Classico Brut &#8211; Cantina Tenuta La Costaiola<br \/>\n<a href=\"https:\/\/lacostaiola.oltrepoacasatua.it\/index.php\/negozio\/\" target=\"_blank\" rel=\"noopener noreferrer\"><img decoding=\"async\" loading=\"lazy\" class=\"aligncenter wp-image-214\" src=\"https:\/\/oltrepoacasatua.it\/wp-content\/uploads\/2020\/05\/shop_online.jpg\" alt=\"\" width=\"100\" height=\"28\" \/><\/a>[\/vc_column_text][\/vc_column_inner][vc_column_inner width=&#8221;1\/4&#8243;][vc_column_text]<\/p>\n<p style=\"text-align: center;\"><a href=\"https:\/\/percivalle.oltrepoacasatua.it\/index.php\/prodotto\/spumante-vsq-pinot-nero-brut-metodo-classico-biologico\/\" target=\"_blank\" rel=\"noopener noreferrer\"><img decoding=\"async\" loading=\"lazy\" class=\"size-full wp-image-226 aligncenter\" src=\"https:\/\/oltrepoacasatua.it\/wp-content\/uploads\/2020\/05\/Spumante-Metodo-Classico-BIO-Cantina-Percivalle.jpg\" alt=\"Spumante Metodo Classico BIO Cantina Percivalle\" width=\"270\" height=\"270\" srcset=\"https:\/\/oltrepoacasatua.it\/wp-content\/uploads\/2020\/05\/Spumante-Metodo-Classico-BIO-Cantina-Percivalle.jpg 270w, https:\/\/oltrepoacasatua.it\/wp-content\/uploads\/2020\/05\/Spumante-Metodo-Classico-BIO-Cantina-Percivalle-150x150.jpg 150w\" sizes=\"(max-width: 270px) 100vw, 270px\" \/><\/a><\/p>\n<p style=\"text-align: center;\">Spumante Metodo Classico Biologico &#8211; Cantina Percivalle<br \/>\n<a href=\"https:\/\/percivalle.oltrepoacasatua.it\/index.php\/negozio\/\" target=\"_blank\" rel=\"noopener noreferrer\"><img decoding=\"async\" loading=\"lazy\" class=\"aligncenter wp-image-214\" src=\"https:\/\/oltrepoacasatua.it\/wp-content\/uploads\/2020\/05\/shop_online.jpg\" alt=\"\" width=\"100\" height=\"28\" \/><\/a>[\/vc_column_text][\/vc_column_inner][\/vc_row_inner][vc_row_inner][vc_column_inner width=&#8221;1\/4&#8243;][vc_empty_space height=&#8221;15px&#8221;][vc_column_text]<img decoding=\"async\" loading=\"lazy\" class=\"alignnone size-full wp-image-256 aligncenter\" src=\"https:\/\/oltrepoacasatua.it\/wp-content\/uploads\/2020\/05\/CAVALLINI_METODO.jpg\" alt=\"Cr\u00fc\u00e9 Spumante Brut Metodo Martinotti Cantina Cavallini 1919\" width=\"270\" height=\"270\" srcset=\"https:\/\/oltrepoacasatua.it\/wp-content\/uploads\/2020\/05\/CAVALLINI_METODO.jpg 270w, https:\/\/oltrepoacasatua.it\/wp-content\/uploads\/2020\/05\/CAVALLINI_METODO-150x150.jpg 150w\" sizes=\"(max-width: 270px) 100vw, 270px\" \/><\/p>\n<p style=\"text-align: center;\">Cr\u00fc\u00e9 Spumante Brut Metodo Martinotti &#8211; Cantina Cavallini 1919<br \/>\n<a href=\"https:\/\/cavallini1919.oltrepoacasatua.it\/index.php\/prodotto\/crue-spumante-brut\/\" target=\"_blank\" rel=\"noopener noreferrer\"><img decoding=\"async\" loading=\"lazy\" class=\"aligncenter wp-image-214\" src=\"https:\/\/oltrepoacasatua.it\/wp-content\/uploads\/2020\/05\/shop_online.jpg\" alt=\"\" width=\"100\" height=\"28\" \/><\/a>[\/vc_column_text][vc_empty_space height=&#8221;40px&#8221;][\/vc_column_inner][vc_column_inner width=&#8221;1\/4&#8243;][vc_empty_space height=&#8221;15px&#8221;][vc_column_text]<a href=\"https:\/\/torrevilla.oltrepoacasatua.it\/index.php\/prodotto\/spumante-pinot-nero-metodo-classico\/\" target=\"_blank\" rel=\"noopener noreferrer\"><img decoding=\"async\" loading=\"lazy\" class=\"alignnone size-full wp-image-222 aligncenter\" src=\"https:\/\/oltrepoacasatua.it\/wp-content\/uploads\/2020\/05\/La-Genisia-Metodo-Classico-Cantina-Torrevilla.jpg\" alt=\"La Genisia Metodo Classico Cantina Torrevilla\" width=\"270\" height=\"270\" srcset=\"https:\/\/oltrepoacasatua.it\/wp-content\/uploads\/2020\/05\/La-Genisia-Metodo-Classico-Cantina-Torrevilla.jpg 270w, https:\/\/oltrepoacasatua.it\/wp-content\/uploads\/2020\/05\/La-Genisia-Metodo-Classico-Cantina-Torrevilla-150x150.jpg 150w\" sizes=\"(max-width: 270px) 100vw, 270px\" \/><\/a><\/p>\n<p style=\"text-align: center;\">La Genisia Riserva 110 Nature Metodo Classico &#8211; Cantina Torrevilla<br \/>\n<img decoding=\"async\" loading=\"lazy\" class=\"aligncenter wp-image-214\" src=\"https:\/\/oltrepoacasatua.it\/wp-content\/uploads\/2020\/05\/shop_online.jpg\" alt=\"\" width=\"100\" height=\"28\" \/>[\/vc_column_text][vc_empty_space height=&#8221;40px&#8221;][\/vc_column_inner][vc_column_inner width=&#8221;1\/4&#8243;][vc_empty_space height=&#8221;15px&#8221;][vc_column_text]<a href=\"https:\/\/primealture.oltrepoacasatua.it\/index.php\/prodotto\/spumante-pinot-nero-metodo-classico\/\" target=\"_blank\" rel=\"noopener noreferrer\"><img decoding=\"async\" loading=\"lazy\" class=\"alignnone size-full wp-image-229 aligncenter\" src=\"https:\/\/oltrepoacasatua.it\/wp-content\/uploads\/2020\/05\/Spumante-Metodo-Classico-Io-per-Te-Cantina-Prime-Alture.jpg\" alt=\"Spumante Metodo Classico Io per Te Cantina Prime Alture\" width=\"270\" height=\"270\" srcset=\"https:\/\/oltrepoacasatua.it\/wp-content\/uploads\/2020\/05\/Spumante-Metodo-Classico-Io-per-Te-Cantina-Prime-Alture.jpg 270w, https:\/\/oltrepoacasatua.it\/wp-content\/uploads\/2020\/05\/Spumante-Metodo-Classico-Io-per-Te-Cantina-Prime-Alture-150x150.jpg 150w\" sizes=\"(max-width: 270px) 100vw, 270px\" \/><\/a><\/p>\n<p style=\"text-align: center;\">Io per Te Spumante Metodo Classico &#8211; Prime Alture Winery<br \/>\n<a href=\"https:\/\/primealture.oltrepoacasatua.it\/index.php\/negozio\/\" target=\"_blank\" rel=\"noopener noreferrer\"><img decoding=\"async\" loading=\"lazy\" class=\"aligncenter wp-image-214\" src=\"https:\/\/oltrepoacasatua.it\/wp-content\/uploads\/2020\/05\/shop_online.jpg\" alt=\"\" width=\"100\" height=\"28\" \/><\/a>[\/vc_column_text][vc_empty_space height=&#8221;40px&#8221;][\/vc_column_inner][vc_column_inner width=&#8221;1\/4&#8243;][vc_column_text]<a href=\"https:\/\/isimbarda.oltrepoacasatua.it\/index.php\/prodotto\/cruase-oltrepo-pavese-d-o-c-g-metodo-classico-pinot-nero-rose-brut\/\" target=\"_blank\" rel=\"noopener noreferrer\"><img decoding=\"async\" loading=\"lazy\" class=\"alignnone size-full wp-image-216 aligncenter\" src=\"https:\/\/oltrepoacasatua.it\/wp-content\/uploads\/2020\/05\/Cruas\u00e8-Metodo-Classico-Cantina-isimbarda.jpg\" alt=\"Cruas\u00e8 Metodo Classico Cantina isimbarda\" width=\"270\" height=\"270\" srcset=\"https:\/\/oltrepoacasatua.it\/wp-content\/uploads\/2020\/05\/Cruas\u00e8-Metodo-Classico-Cantina-isimbarda.jpg 270w, https:\/\/oltrepoacasatua.it\/wp-content\/uploads\/2020\/05\/Cruas\u00e8-Metodo-Classico-Cantina-isimbarda-150x150.jpg 150w\" sizes=\"(max-width: 270px) 100vw, 270px\" \/><\/a><\/p>\n<p style=\"text-align: center;\">Cruas\u00e8 \u2013 Oltrep\u00f2 Pavese D.O.C.G. Metodo Classico &#8211; Cantina Isimbarda<br \/>\n<a href=\"https:\/\/isimbarda.oltrepoacasatua.it\/index.php\/negozio\/\" target=\"_blank\" rel=\"noopener noreferrer\"><img decoding=\"async\" loading=\"lazy\" class=\"aligncenter wp-image-214\" src=\"https:\/\/oltrepoacasatua.it\/wp-content\/uploads\/2020\/05\/shop_online.jpg\" alt=\"\" width=\"100\" height=\"28\" \/><\/a>[\/vc_column_text][vc_empty_space height=&#8221;40px&#8221;][\/vc_column_inner][\/vc_row_inner][vc_row_inner][vc_column_inner width=&#8221;1\/2&#8243;][vc_message]<strong>Il Metodo Classico e la rifermentazione in bottiglia.<\/strong><\/p>\n<p style=\"text-align: justify;\"><em>Capita spesso di sentire parlare di Metodo Classico, un tempo anche Metodo Champenoise poich\u00e9 \u00e8 la medesima tecnica usata per lo Champagne, per la produzione degli spumanti italiani, ma cos&#8217;\u00e8 e come avviene? Si parte dalla vinificazione delle uve \u2013 principalmente Pinot Nero per gli spumanti dell&#8217;Oltrep\u00f2 Pavese &#8211; uve selezionate in vigna e raccolte a mano in cassetta. L&#8217;uva che arriva in cantina viene subito pressata con una pressa pneumatica \u2013 spremitura soffice &#8211; e il \u201cmosto fiore\u201d va a fermentare in vasche d&#8217;acciaio. Tutte le operazioni vengono effettuate a temperatura controllata. Al termine della fermentazione e di diversi travasi, il vino riposa, sempre in vasche di acciaio, almeno sino alla primavera successiva quando si inizia a preparare la base spumante, cio\u00e8 il vino fermo che lentamente si trasformer\u00e0 in spumante. La preparazione della base spumante \u00e8 il momento pi\u00f9 complesso della lavorazione in cui vengono sapientemente miscelate dal cantiniere diverse partite di vino, anche di tipologie diverse \u2013 es. 90% Pinot Nero e 10% Chardonnay &#8211; con l&#8217;aggiunta di una miscela di vino e zucchero (unico caso in cui \u00e8 possibile l&#8217;aggiunta zuccherina), zucchero che durante la fermentazione si trasformer\u00e0 in anidride carbonica donando al vino la classica spuma, il classico perlage nel bicchiere ed anche dei lieviti selezionati che favoriranno la fermentazione. <\/em><\/p>\n<p style=\"text-align: justify;\"><em>Preparata la base spumante si procede all&#8217;imbottigliamento del vino col tappo a corona (tappo tipo birra); le bottiglie dopo l&#8217;imbottigliamento vengono messe a riposare orizzontalmente \u201cin catasta\u201d per un periodo che pu\u00f2 variare dai 24 ai 60 mesi ed oltre. Durante questa fase viene solo monitorata la pressione che si sviluppa nella bottiglia attraverso dei campioni a cui \u00e8 applicato sul collo della bottiglia degli appositi manometri che indicano la pressione sviluppata dalla trasformazione dello zucchero in Co2. Questa fase viene definita \u201ctiraggio\u201d o \u201cpresa di spuma\u201d. Al termine di questo periodo, in cui il vino diventa spumante rifermentando in bottiglia, avviene la fase della sboccatura. Questa operazione \u00e8 necessaria per separare i lieviti, che ormai hanno svolto il loro compito e sono diventati un sedimento, dallo spumante. Prima di tutto le bottiglie vengono portate \u201cin punta\u201d, cio\u00e8 lentamente dalla posizione orizzontale vengono poste in senso verticale col collo rivolto verso il basso affinch\u00e8 i sedimenti scendano sul tappo a corona e successivamente vengono \u201cdegorgiate\u201d.<\/em><\/p>\n<p style=\"text-align: justify;\"><em>Un tempo questa operazione era effettuata a mano da abili cantinieri, oggi l&#8217;operazione \u00e8 stata meccanizzata; si procede con il congelamento della parte finale del collo della bottiglia, la macchina apre la bottiglia e la pressione espelle una \u201ccartuccia\u201d di vino congelato che contiene il sedimento, a seguire si rabbocca la bottiglia, si tappa col classico tappo a fungo in sughero e si applica la gabbietta. E&#8217; proprio il rabbocco che determina poi la tipologia di spumante; se si rabbocca con il medesimo vino si ottiene il Nature o Extra Brut, se invece questa aggiunta viene composta da una miscela particolare, composta da altri vini anche dolci, si ottengono il Brut, il Dry, l&#8217;Extra Dry e per ultimo, il Demi Sec.<\/em><\/p>\n<p>[\/vc_message][\/vc_column_inner][vc_column_inner width=&#8221;1\/2&#8243;][vc_message color=&#8221;info&#8221;]<!-- Embedded with WP Embed Facebook - http:\/\/wpembedfb.com --><\/p>\n<div class=\"wef-measure\" style=\"max-width: 450px;\"><\/div>\n<div class=\"fb-video\" data-href=\"https:\/\/www.facebook.com\/isimbarda\/videos\/698780140904630\/\" data-allowfullscreen=\"false\" data-autoplay=\"false\" data-width=\"450\" data-show-text=\"false\" data-show-captions=\"true\"><\/div>\n<p>Daniele Zangelmi della Tenuta Isimbarda di Santa Giuletta spiega come avviene il &#8220;tiraggio&#8221; del Metodo Classico[\/vc_message][\/vc_column_inner][\/vc_row_inner][\/vc_column][\/vc_row]<\/p>\n","protected":false},"excerpt":{"rendered":"<p>[vc_row][vc_column][vc_custom_heading text=&#8221;Il Pinot Nero, base per Spumanti Metodo Classico e Metodo Martinotti&#8221; font_container=&#8221;tag:h2|text_align:center&#8221; use_theme_fonts=&#8221;yes&#8221;][vc_column_text] Il Pinot Nero pu\u00f2 essere considerato a tutti gli effetti il Re dei vitigni. Di origine francese, produce un&#8217;uva \u201ccomplessa\u201d che matura precocemente e molto sensibile al terroir ed in climi caldi giunge a maturazione troppo velocemente e non sviluppa appieno&hellip;<\/p>\n","protected":false},"author":1,"featured_media":0,"parent":0,"menu_order":0,"comment_status":"closed","ping_status":"closed","template":"","meta":[],"jetpack_sharing_enabled":true,"jetpack_likes_enabled":true,"_links":{"self":[{"href":"https:\/\/oltrepoacasatua.it\/index.php\/wp-json\/wp\/v2\/pages\/207"}],"collection":[{"href":"https:\/\/oltrepoacasatua.it\/index.php\/wp-json\/wp\/v2\/pages"}],"about":[{"href":"https:\/\/oltrepoacasatua.it\/index.php\/wp-json\/wp\/v2\/types\/page"}],"author":[{"embeddable":true,"href":"https:\/\/oltrepoacasatua.it\/index.php\/wp-json\/wp\/v2\/users\/1"}],"replies":[{"embeddable":true,"href":"https:\/\/oltrepoacasatua.it\/index.php\/wp-json\/wp\/v2\/comments?post=207"}],"version-history":[{"count":41,"href":"https:\/\/oltrepoacasatua.it\/index.php\/wp-json\/wp\/v2\/pages\/207\/revisions"}],"predecessor-version":[{"id":338,"href":"https:\/\/oltrepoacasatua.it\/index.php\/wp-json\/wp\/v2\/pages\/207\/revisions\/338"}],"wp:attachment":[{"href":"https:\/\/oltrepoacasatua.it\/index.php\/wp-json\/wp\/v2\/media?parent=207"}],"curies":[{"name":"wp","href":"https:\/\/api.w.org\/{rel}","templated":true}]}}